{"id":8,"date":"2018-01-14T22:28:15","date_gmt":"2018-01-14T22:28:15","guid":{"rendered":"https:\/\/ostseeferienhaus-findling.de\/?page_id=8"},"modified":"2018-11-11T23:18:12","modified_gmt":"2018-11-11T23:18:12","slug":"ferienhaus","status":"publish","type":"page","link":"https:\/\/ostseeferienhaus-findling.de\/?page_id=8","title":{"rendered":"Das Ferienhaus"},"content":{"rendered":"<h1>Liebe Urlauber, liebe G\u00e4ste,<\/h1>\n<p>RUHE PUR finden Sie in unserem 2017 neu erbauten Ferienhaus auf 100 m\u00b2 Wohnfl\u00e4che, welches mit viel Liebe zum Detail errichtet wurde. Wir, die Familie Langer, freuen uns, Sie als G\u00e4ste begr\u00fc\u00dfen zu k\u00f6nnen. Das gro\u00dfz\u00fcgig angelegte Grundst\u00fcck l\u00e4dt zum Erholen ein. Auf den folgenden Seiten erhalten Sie mehr Informationen vom Bau bis zur Fertigstellung, sowie den einzelnen Wohnbereichen.<\/p>\n<h2><strong>Informationen zum Objekt<\/strong><\/h2>\n<div>\n<ul>\n<li>Platz f\u00fcr 6 Erwachsene und 1 Kleinkind<\/li>\n<li>3 Schlafzimmer davon\n<ul>\n<li>2 Schlafzimmer mit je einem Doppelbett<\/li>\n<li>1 Schlafzimmer mit zwei Einzelbetten<\/li>\n<li>Kinderreisebett vorhanden<\/li>\n<\/ul>\n<\/li>\n<li>2 B\u00e4der mit Dusche, Badewanne und Infrarot<\/li>\n<li>W\u00e4schepaket (ohne Kinderbettw\u00e4sche und Saunatuch) inklusive<\/li>\n<li>offene K\u00fcche<\/li>\n<li>Wohn- und Essbereich<\/li>\n<li>Fussbodenheizung im gesamten Haus<\/li>\n<li>2 Terrassen<\/li>\n<li>PKW-Stellpl\u00e4tze im eingez\u00e4untem Grundst\u00fcck<\/li>\n<li>Gartenhaus mit Fahrradstellplatz<\/li>\n<li>Nichtraucherhaus<\/li>\n<li>keine Haustiere<\/li>\n<\/ul>\n<div id=\"main\">\n<div id=\"shadow\">\n<div id=\"content\">\n<div id=\"tabs\">\n<div id=\"tabs-1\">\n<h2>&#8230;und noch mehr Uhrlaub<\/h2>\n<p>Das Ferienhaus ist alarmgesichert und l\u00e4dt zum sorgenfreien Verweilen ein.<br \/>\nIhr eigener Strandkorb zum Relaxen steht ebenso im gro\u00dfen Garten. Au\u00dferdem gibt es noch einen Sandkasten und 2 mobile Fu\u00dfballtore f\u00fcr &#8222;kleine und gro\u00dfe Urlauber&#8220;. Zus\u00e4tzlichen Stauraum f\u00fcr Fahrr\u00e4der, Kinderwagen und Strandutensilien finden sie im Gartenhaus. Dort stehen auch ein Elektrogrill, 4 Liegen, 2 Klappfahrr\u00e4der und ausreichend Gartenm\u00f6bel zur freien Verf\u00fcgung. Das Internet erobern Sie mit dem kostenlosen WLAN.<\/p>\n<\/div>\n<\/div>\n<\/div>\n<\/div>\n<\/div>\n<\/div>\n<div class=\"grid\">\n<div>\n<p><a href=\"https:\/\/ostseeferienhaus-findling.de\/?page_id=264\"><img decoding=\"async\" class=\"alignnone size-medium wp-image-637\" src=\"https:\/\/ostseeferienhaus-findling.de\/wp-content\/uploads\/2018\/09\/IMG_7364_2048px-300x200.jpg\" alt=\"\" width=\"100%\" srcset=\"https:\/\/ostseeferienhaus-findling.de\/wp-content\/uploads\/2018\/09\/IMG_7364_2048px-300x200.jpg 300w, https:\/\/ostseeferienhaus-findling.de\/wp-content\/uploads\/2018\/09\/IMG_7364_2048px-768x513.jpg 768w, https:\/\/ostseeferienhaus-findling.de\/wp-content\/uploads\/2018\/09\/IMG_7364_2048px-1024x684.jpg 1024w, https:\/\/ostseeferienhaus-findling.de\/wp-content\/uploads\/2018\/09\/IMG_7364_2048px.jpg 2048w\" sizes=\"(max-width: 300px) 100vw, 300px\" \/><\/a><\/p>\n<h3><a href=\"https:\/\/ostseeferienhaus-findling.de\/?page_id=264\"><span style=\"color: #a29060;\">Wohnen und<br \/>\nLeben<\/span><\/a><\/h3>\n<p>Entspannung und Ruhe oder gem\u00fctlicher Fernsehabend&#8230;<\/p>\n<\/div>\n<div>\n<p><a href=\"https:\/\/ostseeferienhaus-findling.de\/?page_id=295\"><img decoding=\"async\" class=\"alignnone size-medium wp-image-641\" src=\"https:\/\/ostseeferienhaus-findling.de\/wp-content\/uploads\/2018\/09\/Kueche_2048px-300x200.jpg\" alt=\"\" width=\"100%\" srcset=\"https:\/\/ostseeferienhaus-findling.de\/wp-content\/uploads\/2018\/09\/Kueche_2048px-300x200.jpg 300w, https:\/\/ostseeferienhaus-findling.de\/wp-content\/uploads\/2018\/09\/Kueche_2048px-768x512.jpg 768w, https:\/\/ostseeferienhaus-findling.de\/wp-content\/uploads\/2018\/09\/Kueche_2048px-1024x683.jpg 1024w, https:\/\/ostseeferienhaus-findling.de\/wp-content\/uploads\/2018\/09\/Kueche_2048px.jpg 2048w\" sizes=\"(max-width: 300px) 100vw, 300px\" \/><\/a><\/p>\n<h3><a href=\"https:\/\/ostseeferienhaus-findling.de\/?page_id=295\"><span style=\"color: #a29060;\">Kochen und<br \/>\nEssen<\/span><\/a><\/h3>\n<p>In der offenen K\u00fcche kann man kulinarische Gerichte zaubern &#8230;<\/p>\n<\/div>\n<div>\n<p><a href=\"https:\/\/ostseeferienhaus-findling.de\/?page_id=288\"><img decoding=\"async\" class=\"alignnone size-medium wp-image-642\" src=\"https:\/\/ostseeferienhaus-findling.de\/wp-content\/uploads\/2018\/09\/Schlafen_2048px-300x200.jpg\" alt=\"\" width=\"100%\" srcset=\"https:\/\/ostseeferienhaus-findling.de\/wp-content\/uploads\/2018\/09\/Schlafen_2048px-300x200.jpg 300w, https:\/\/ostseeferienhaus-findling.de\/wp-content\/uploads\/2018\/09\/Schlafen_2048px-768x512.jpg 768w, https:\/\/ostseeferienhaus-findling.de\/wp-content\/uploads\/2018\/09\/Schlafen_2048px-1024x683.jpg 1024w, https:\/\/ostseeferienhaus-findling.de\/wp-content\/uploads\/2018\/09\/Schlafen_2048px.jpg 2048w\" sizes=\"(max-width: 300px) 100vw, 300px\" \/><\/a><\/p>\n<h3><a href=\"https:\/\/ostseeferienhaus-findling.de\/?page_id=288\"><span style=\"color: #a29060;\">Schlafen und<br \/>\nEntspannen<\/span><\/a><\/h3>\n<p>Ein gelungener Urlaubstag geht zu Ende &#8230;<\/p>\n<\/div>\n<div>\n<p><a href=\"https:\/\/ostseeferienhaus-findling.de\/?page_id=526\"><img decoding=\"async\" class=\"alignnone wp-image-650 size-medium\" src=\"https:\/\/ostseeferienhaus-findling.de\/wp-content\/uploads\/2018\/09\/Dusche_2048px-300x200.jpg\" alt=\"\" width=\"100%\" srcset=\"https:\/\/ostseeferienhaus-findling.de\/wp-content\/uploads\/2018\/09\/Dusche_2048px-300x200.jpg 300w, https:\/\/ostseeferienhaus-findling.de\/wp-content\/uploads\/2018\/09\/Dusche_2048px-768x512.jpg 768w, https:\/\/ostseeferienhaus-findling.de\/wp-content\/uploads\/2018\/09\/Dusche_2048px-1024x682.jpg 1024w, https:\/\/ostseeferienhaus-findling.de\/wp-content\/uploads\/2018\/09\/Dusche_2048px.jpg 2048w\" sizes=\"(max-width: 300px) 100vw, 300px\" \/><\/a><\/p>\n<h3><a href=\"https:\/\/ostseeferienhaus-findling.de\/?page_id=526\"><span style=\"color: #a29060;\">Bad und<br \/>\nInfrarotkabine<\/span><\/a><\/h3>\n<p>Den Alltag von der Seele wischen &#8230;<\/p>\n<\/div>\n<div>\n<p><a href=\"https:\/\/ostseeferienhaus-findling.de\/?page_id=204\"><img decoding=\"async\" class=\"alignnone size-medium wp-image-651\" src=\"https:\/\/ostseeferienhaus-findling.de\/wp-content\/uploads\/2018\/09\/Garten_2048px-300x200.jpg\" alt=\"\" width=\"100%\" srcset=\"https:\/\/ostseeferienhaus-findling.de\/wp-content\/uploads\/2018\/09\/Garten_2048px-300x200.jpg 300w, https:\/\/ostseeferienhaus-findling.de\/wp-content\/uploads\/2018\/09\/Garten_2048px-768x512.jpg 768w, https:\/\/ostseeferienhaus-findling.de\/wp-content\/uploads\/2018\/09\/Garten_2048px-1024x682.jpg 1024w, https:\/\/ostseeferienhaus-findling.de\/wp-content\/uploads\/2018\/09\/Garten_2048px.jpg 2048w\" sizes=\"(max-width: 300px) 100vw, 300px\" \/><\/a><\/p>\n<h3><a href=\"https:\/\/ostseeferienhaus-findling.de\/?page_id=204\"><span style=\"color: #a29060;\">Au\u00dfenbereich<br \/>\nund Garten<\/span><\/a><\/h3>\n<p>1500 m\u00b2 am kleinen W\u00e4ldchen &#8230;<\/p>\n<\/div>\n<div>\n<p><a href=\"https:\/\/ostseeferienhaus-findling.de\/?page_id=365\"><img decoding=\"async\" class=\"alignnone size-medium wp-image-379\" src=\"https:\/\/ostseeferienhaus-findling.de\/wp-content\/uploads\/2018\/03\/K1024_IMG-20170802-WA0011-300x225.jpg\" alt=\"\" width=\"100%\" srcset=\"https:\/\/ostseeferienhaus-findling.de\/wp-content\/uploads\/2018\/03\/K1024_IMG-20170802-WA0011-300x225.jpg 300w, https:\/\/ostseeferienhaus-findling.de\/wp-content\/uploads\/2018\/03\/K1024_IMG-20170802-WA0011.jpg 320w\" sizes=\"(max-width: 300px) 100vw, 300px\" \/><\/a><\/p>\n<h3><a href=\"https:\/\/ostseeferienhaus-findling.de\/?page_id=365\"><span style=\"color: #a29060;\">Hausbau und<br \/>\nEntwicklung<\/span><\/a><\/h3>\n<p>Achtung Baustelle! &#8211; Impressionen vom ersten Spatenstich bis zur Fertigstellung. &#8230;<\/p>\n<\/div>\n<\/div>\n<p>&nbsp;<br \/>\n<a href=\"https:\/\/ostseeferienhaus-findling.de\/?page_id=769\"><\/p>\n<h2>-&gt; Lage<\/h2>\n<p><\/a><br \/>\n&nbsp;<\/p>\n","protected":false},"excerpt":{"rendered":"<p>Liebe Urlauber, liebe G\u00e4ste, RUHE PUR finden Sie in unserem 2017 neu erbauten Ferienhaus auf 100 m\u00b2 Wohnfl\u00e4che, welches mit viel Liebe zum Detail errichtet wurde. Wir, die Familie Langer, freuen uns, Sie als G\u00e4ste begr\u00fc\u00dfen zu k\u00f6nnen. Das gro\u00dfz\u00fcgig angelegte Grundst\u00fcck l\u00e4dt zum Erholen ein. Auf den folgenden Seiten erhalten Sie mehr Informationen vom<\/p>\n<div class=\"\" ><a class=\"custom-btn book-sm\" href=\"https:\/\/ostseeferienhaus-findling.de\/?page_id=8\"><i class=\"fa fa-chevron-circle-right\"><\/i>&#8230; mehr<\/a><\/div>\n","protected":false},"author":2,"featured_media":627,"parent":0,"menu_order":0,"comment_status":"closed","ping_status":"closed","template":"","meta":{"footnotes":""},"_links":{"self":[{"href":"https:\/\/ostseeferienhaus-findling.de\/index.php?rest_route=\/wp\/v2\/pages\/8"}],"collection":[{"href":"https:\/\/ostseeferienhaus-findling.de\/index.php?rest_route=\/wp\/v2\/pages"}],"about":[{"href":"https:\/\/ostseeferienhaus-findling.de\/index.php?rest_route=\/wp\/v2\/types\/page"}],"author":[{"embeddable":true,"href":"https:\/\/ostseeferienhaus-findling.de\/index.php?rest_route=\/wp\/v2\/users\/2"}],"replies":[{"embeddable":true,"href":"https:\/\/ostseeferienhaus-findling.de\/index.php?rest_route=%2Fwp%2Fv2%2Fcomments&post=8"}],"version-history":[{"count":105,"href":"https:\/\/ostseeferienhaus-findling.de\/index.php?rest_route=\/wp\/v2\/pages\/8\/revisions"}],"predecessor-version":[{"id":944,"href":"https:\/\/ostseeferienhaus-findling.de\/index.php?rest_route=\/wp\/v2\/pages\/8\/revisions\/944"}],"wp:featuredmedia":[{"embeddable":true,"href":"https:\/\/ostseeferienhaus-findling.de\/index.php?rest_route=\/wp\/v2\/media\/627"}],"wp:attachment":[{"href":"https:\/\/ostseeferienhaus-findling.de\/index.php?rest_route=%2Fwp%2Fv2%2Fmedia&parent=8"}],"curies":[{"name":"wp","href":"https:\/\/api.w.org\/{rel}","templated":true}]}}