{"id":526,"date":"2018-06-03T10:37:28","date_gmt":"2018-06-03T10:37:28","guid":{"rendered":"https:\/\/ostseeferienhaus-findling.de\/?page_id=526"},"modified":"2018-11-02T23:15:47","modified_gmt":"2018-11-02T23:15:47","slug":"bad-und-sauna","status":"publish","type":"page","link":"https:\/\/ostseeferienhaus-findling.de\/?page_id=526","title":{"rendered":"Duschen &#8211; Baden &#8211; Relaxen"},"content":{"rendered":"<p>In unseren zwei B\u00e4dern k\u00f6nnen Sie sich den Alltag von der Seele waschen oder mit einem Wannenbad die K\u00e4lte aus dem K\u00f6rper flie\u00dfen lassen. Die beiden gro\u00dfz\u00fcgigen Badazimmer sorgen f\u00fcr ein entspanntes Erwachen und sind jeweils mit ebenerdigen Duschen ausgestattet. Die Fu\u00dfbodenheizung sorgt immer f\u00fcr warme F\u00fc\u00dfe und die Handtuchtrockner f\u00fcr wohlig Badet\u00fccher.<\/p>\n<p>Und wenn es drau\u00dfen k\u00e4lter wird, dann nutzen Sie einfach unsere Infrarotkabine.<\/p>\n<h2>Bad und Infrarotkabine im Erdgeschoss<\/h2>\n<ul>\n<li>gro\u00dfe Infrarotkabine mit Farbwechsel<\/li>\n<li>Waschmaschine<\/li>\n<li>Waschtisch mit fro\u00dfem Spiegel<\/li>\n<li>gro\u00dfe ebenerdige offene Dusche<\/li>\n<li>WC mit WC-Sitz-Absenkautomatik<\/li>\n<li>F\u00f6n<\/li>\n<li>Badheizk\u00f6rper<\/li>\n<li>Fu\u00dfbodenheizung<\/li>\n<\/ul>\n<h2>Bad im Obergeschoss<\/h2>\n<ul>\n<li>gem\u00fctliche Badewanne<\/li>\n<li>Doppel-Waschtisch mit gro\u00dfem Spiegel<\/li>\n<li>gro\u00dfe ebenerdige geschlossene Dusche<\/li>\n<li>WC mit WC-Sitz-Absenkautomatik<\/li>\n<li>F\u00f6n<\/li>\n<li>Fu\u00dfbodenheizung<\/li>\n<\/ul>\n<style id=\"bwg-style-0\">    #bwg_container1_0 #bwg_container2_0 .bwg-container-0.bwg-standard-thumbnails {      width: 754px;              justify-content: center;        margin:0 auto !important;              background-color: rgba(255, 255, 255, 0.00);            padding-left: 4px;      padding-top: 4px;      max-width: 100%;            }        #bwg_container1_0 #bwg_container2_0 .bwg-container-0.bwg-standard-thumbnails .bwg-item {    justify-content: flex-start;      max-width: 150px;            width: 150px !important;          }    #bwg_container1_0 #bwg_container2_0 .bwg-container-0.bwg-standard-thumbnails .bwg-item a {       margin-right: 4px;       margin-bottom: 4px;    }    #bwg_container1_0 #bwg_container2_0 .bwg-container-0.bwg-standard-thumbnails .bwg-item0 {      padding: 0px;            background-color:rgba(255,255,255, 0.30);      border: 0px none #CCCCCC;      opacity: 1.00;      border-radius: 0;      box-shadow: 0px 0px 0px #888888;    }    #bwg_container1_0 #bwg_container2_0 .bwg-container-0.bwg-standard-thumbnails .bwg-item1 img {      max-height: none;      max-width: none;      padding: 0 !important;    }        @media only screen and (min-width: 480px) {      #bwg_container1_0 #bwg_container2_0 .bwg-container-0.bwg-standard-thumbnails .bwg-item0 {        transition: all 0.3s ease 0s;-webkit-transition: all 0.3s ease 0s;      }      #bwg_container1_0 #bwg_container2_0 .bwg-container-0.bwg-standard-thumbnails .bwg-item0:hover {        -ms-transform: scale(1.1);        -webkit-transform: scale(1.1);        transform: scale(1.1);      }    }          #bwg_container1_0 #bwg_container2_0 .bwg-container-0.bwg-standard-thumbnails .bwg-item1 {      padding-top: 100%;    }        #bwg_container1_0 #bwg_container2_0 .bwg-container-0.bwg-standard-thumbnails .bwg-title2,    #bwg_container1_0 #bwg_container2_0 .bwg-container-0.bwg-standard-thumbnails .bwg-ecommerce2 {      color: #CCCCCC;      font-family: segoe ui;      font-size: 16px;      font-weight: bold;      padding: 2px;      text-shadow: 0px 0px 0px #888888;      max-height: 100%;    }    #bwg_container1_0 #bwg_container2_0 .bwg-container-0.bwg-standard-thumbnails .bwg-thumb-description span {    color: #323A45;    font-family: Ubuntu;    font-size: 12px;    max-height: 100%;    word-wrap: break-word;    }    #bwg_container1_0 #bwg_container2_0 .bwg-container-0.bwg-standard-thumbnails .bwg-play-icon2 {      font-size: 32px;    }    #bwg_container1_0 #bwg_container2_0 .bwg-container-0.bwg-standard-thumbnails .bwg-ecommerce2 {      font-size: 19.2px;      color: #CCCCCC;    }    <\/style>    <div id=\"bwg_container1_0\"         class=\"bwg_container bwg_thumbnail bwg_thumbnails \"         data-right-click-protection=\"0\"         data-bwg=\"0\"         data-scroll=\"0\"         data-gallery-type=\"thumbnails\"         data-gallery-view-type=\"thumbnails\"         data-current-url=\"\/index.php?rest_route=%2Fwp%2Fv2%2Fpages%2F526\"         data-lightbox-url=\"https:\/\/ostseeferienhaus-findling.de\/wp-admin\/admin-ajax.php?action=GalleryBox&#038;current_view=0&#038;gallery_id=7&#038;tag=0&#038;theme_id=1&#038;shortcode_id=23&#038;sort_by=order&#038;order_by=asc&#038;current_url=%2Findex.php%3Frest_route%3D%252Fwp%252Fv2%252Fpages%252F526\"         data-gallery-id=\"7\"         data-popup-width=\"800\"         data-popup-height=\"500\"         data-is-album=\"gallery\"         data-buttons-position=\"bottom\">      <div id=\"bwg_container2_0\">             <div id=\"ajax_loading_0\" class=\"bwg_loading_div_1\">      <div class=\"bwg_loading_div_2\">        <div class=\"bwg_loading_div_3\">          <div id=\"loading_div_0\" class=\"bwg_spider_ajax_loading\">          <\/div>        <\/div>      <\/div>    <\/div>            <form id=\"gal_front_form_0\"              class=\"bwg-hidden\"              method=\"post\"              action=\"#\"              data-current=\"0\"              data-shortcode-id=\"23\"              data-gallery-type=\"thumbnails\"              data-gallery-id=\"7\"              data-tag=\"0\"              data-album-id=\"0\"              data-theme-id=\"1\"              data-ajax-url=\"https:\/\/ostseeferienhaus-findling.de\/wp-admin\/admin-ajax.php?action=bwg_frontend_data\">          <div id=\"bwg_container3_0\" class=\"bwg-background bwg-background-0\">                <div data-max-count=\"5\"         data-thumbnail-width=\"150\"         data-bwg=\"0\"         data-gallery-id=\"7\"         data-lightbox-url=\"https:\/\/ostseeferienhaus-findling.de\/wp-admin\/admin-ajax.php?action=GalleryBox&amp;current_view=0&amp;gallery_id=7&amp;tag=0&amp;theme_id=1&amp;shortcode_id=23&amp;sort_by=order&amp;order_by=asc&amp;current_url=%2Findex.php%3Frest_route%3D%252Fwp%252Fv2%252Fpages%252F526\"         id=\"bwg_thumbnails_0\"         class=\"bwg-container-0 bwg-thumbnails bwg-standard-thumbnails bwg-container bwg-border-box\">            <div class=\"bwg-item\">        <a class=\"bwg-a  bwg_lightbox\"  data-image-id=\"101\" href=\"https:\/\/ostseeferienhaus-findling.de\/wp-content\/uploads\/photo-gallery\/imported_from_media_libray\/\/K1600_IMG_7378.jpg\" data-elementor-open-lightbox=\"no\">                <div class=\"bwg-item0 \">          <div class=\"bwg-item1 \">            <div class=\"bwg-item2\">              <img decoding=\"async\" class=\"skip-lazy bwg_standart_thumb_img_0 \"                   data-id=\"101\"                   data-width=\"\"                   data-height=\"\"                   data-src=\"https:\/\/ostseeferienhaus-findling.de\/wp-content\/uploads\/photo-gallery\/imported_from_media_libray\/\/thumb\/K1600_IMG_7378.jpg\"                   src=\"https:\/\/ostseeferienhaus-findling.de\/wp-content\/uploads\/photo-gallery\/imported_from_media_libray\/\/thumb\/K1600_IMG_7378.jpg\"                   alt=\"Badezimmer Erdgeschoss\"                   title=\"Badezimmer Erdgeschoss\" \/>            <\/div>            <div class=\"\">                                                      <\/div>          <\/div>        <\/div>                        <\/a>              <\/div>            <div class=\"bwg-item\">        <a class=\"bwg-a  bwg_lightbox\"  data-image-id=\"102\" href=\"https:\/\/ostseeferienhaus-findling.de\/wp-content\/uploads\/photo-gallery\/imported_from_media_libray\/\/K1600_IMG_7377.jpg\" data-elementor-open-lightbox=\"no\">                <div class=\"bwg-item0 \">          <div class=\"bwg-item1 \">            <div class=\"bwg-item2\">              <img decoding=\"async\" class=\"skip-lazy bwg_standart_thumb_img_0 \"                   data-id=\"102\"                   data-width=\"\"                   data-height=\"\"                   data-src=\"https:\/\/ostseeferienhaus-findling.de\/wp-content\/uploads\/photo-gallery\/imported_from_media_libray\/\/thumb\/K1600_IMG_7377.jpg\"                   src=\"https:\/\/ostseeferienhaus-findling.de\/wp-content\/uploads\/photo-gallery\/imported_from_media_libray\/\/thumb\/K1600_IMG_7377.jpg\"                   alt=\"Badezimmer Erdgeschoss Waschtisch\"                   title=\"Badezimmer Erdgeschoss Waschtisch\" \/>            <\/div>            <div class=\"\">                                                      <\/div>          <\/div>        <\/div>                        <\/a>              <\/div>            <div class=\"bwg-item\">        <a class=\"bwg-a  bwg_lightbox\"  data-image-id=\"103\" href=\"https:\/\/ostseeferienhaus-findling.de\/wp-content\/uploads\/photo-gallery\/imported_from_media_libray\/\/K1600_IMG_7375_02.jpg\" data-elementor-open-lightbox=\"no\">                <div class=\"bwg-item0 \">          <div class=\"bwg-item1 \">            <div class=\"bwg-item2\">              <img decoding=\"async\" class=\"skip-lazy bwg_standart_thumb_img_0 \"                   data-id=\"103\"                   data-width=\"\"                   data-height=\"\"                   data-src=\"https:\/\/ostseeferienhaus-findling.de\/wp-content\/uploads\/photo-gallery\/imported_from_media_libray\/\/thumb\/K1600_IMG_7375_02.jpg\"                   src=\"https:\/\/ostseeferienhaus-findling.de\/wp-content\/uploads\/photo-gallery\/imported_from_media_libray\/\/thumb\/K1600_IMG_7375_02.jpg\"                   alt=\"Badezimmer Erdgeschoss Infrarotkabine\"                   title=\"Badezimmer Erdgeschoss Infrarotkabine\" \/>            <\/div>            <div class=\"\">                                                      <\/div>          <\/div>        <\/div>                        <\/a>              <\/div>            <div class=\"bwg-item\">        <a class=\"bwg-a  bwg_lightbox\"  data-image-id=\"100\" href=\"https:\/\/ostseeferienhaus-findling.de\/wp-content\/uploads\/photo-gallery\/imported_from_media_libray\/\/K1600_IMG_7385.jpg\" data-elementor-open-lightbox=\"no\">                <div class=\"bwg-item0 \">          <div class=\"bwg-item1 \">            <div class=\"bwg-item2\">              <img decoding=\"async\" class=\"skip-lazy bwg_standart_thumb_img_0 \"                   data-id=\"100\"                   data-width=\"\"                   data-height=\"\"                   data-src=\"https:\/\/ostseeferienhaus-findling.de\/wp-content\/uploads\/photo-gallery\/imported_from_media_libray\/\/thumb\/K1600_IMG_7385.jpg\"                   src=\"https:\/\/ostseeferienhaus-findling.de\/wp-content\/uploads\/photo-gallery\/imported_from_media_libray\/\/thumb\/K1600_IMG_7385.jpg\"                   alt=\"Badezimmer Erdgeschoss Waschmaschine\"                   title=\"Badezimmer Erdgeschoss Waschmaschine\" \/>            <\/div>            <div class=\"\">                                                      <\/div>          <\/div>        <\/div>                        <\/a>              <\/div>            <div class=\"bwg-item\">        <a class=\"bwg-a  bwg_lightbox\"  data-image-id=\"106\" href=\"https:\/\/ostseeferienhaus-findling.de\/wp-content\/uploads\/photo-gallery\/imported_from_media_libray\/\/K1600_IMG_7400.jpg\" data-elementor-open-lightbox=\"no\">                <div class=\"bwg-item0 \">          <div class=\"bwg-item1 \">            <div class=\"bwg-item2\">              <img decoding=\"async\" class=\"skip-lazy bwg_standart_thumb_img_0 \"                   data-id=\"106\"                   data-width=\"\"                   data-height=\"\"                   data-src=\"https:\/\/ostseeferienhaus-findling.de\/wp-content\/uploads\/photo-gallery\/imported_from_media_libray\/\/thumb\/K1600_IMG_7400.jpg\"                   src=\"https:\/\/ostseeferienhaus-findling.de\/wp-content\/uploads\/photo-gallery\/imported_from_media_libray\/\/thumb\/K1600_IMG_7400.jpg\"                   alt=\"Doppel-Waschtisch\"                   title=\"Doppel-Waschtisch\" \/>            <\/div>            <div class=\"\">                                                      <\/div>          <\/div>        <\/div>                        <\/a>              <\/div>            <div class=\"bwg-item\">        <a class=\"bwg-a  bwg_lightbox\"  data-image-id=\"107\" href=\"https:\/\/ostseeferienhaus-findling.de\/wp-content\/uploads\/photo-gallery\/imported_from_media_libray\/\/K1600_IMG_7450.jpg\" data-elementor-open-lightbox=\"no\">                <div class=\"bwg-item0 \">          <div class=\"bwg-item1 \">            <div class=\"bwg-item2\">              <img decoding=\"async\" class=\"skip-lazy bwg_standart_thumb_img_0 \"                   data-id=\"107\"                   data-width=\"\"                   data-height=\"\"                   data-src=\"https:\/\/ostseeferienhaus-findling.de\/wp-content\/uploads\/photo-gallery\/imported_from_media_libray\/\/thumb\/K1600_IMG_7450.jpg\"                   src=\"https:\/\/ostseeferienhaus-findling.de\/wp-content\/uploads\/photo-gallery\/imported_from_media_libray\/\/thumb\/K1600_IMG_7450.jpg\"                   alt=\"Badezimmer Obergeschoss Badewanne\"                   title=\"Badezimmer Obergeschoss Badewanne\" \/>            <\/div>            <div class=\"\">                                                      <\/div>          <\/div>        <\/div>                        <\/a>              <\/div>            <div class=\"bwg-item\">        <a class=\"bwg-a  bwg_lightbox\"  data-image-id=\"104\" href=\"https:\/\/ostseeferienhaus-findling.de\/wp-content\/uploads\/photo-gallery\/imported_from_media_libray\/\/K1600_IMG_7451.jpg\" data-elementor-open-lightbox=\"no\">                <div class=\"bwg-item0 \">          <div class=\"bwg-item1 \">            <div class=\"bwg-item2\">              <img decoding=\"async\" class=\"skip-lazy bwg_standart_thumb_img_0 \"                   data-id=\"104\"                   data-width=\"\"                   data-height=\"\"                   data-src=\"https:\/\/ostseeferienhaus-findling.de\/wp-content\/uploads\/photo-gallery\/imported_from_media_libray\/\/thumb\/K1600_IMG_7451.jpg\"                   src=\"https:\/\/ostseeferienhaus-findling.de\/wp-content\/uploads\/photo-gallery\/imported_from_media_libray\/\/thumb\/K1600_IMG_7451.jpg\"                   alt=\"Badezimmer Obergeschoss Spiegel\"                   title=\"Badezimmer Obergeschoss Spiegel\" \/>            <\/div>            <div class=\"\">                                                      <\/div>          <\/div>        <\/div>                        <\/a>              <\/div>            <div class=\"bwg-item\">        <a class=\"bwg-a  bwg_lightbox\"  data-image-id=\"105\" href=\"https:\/\/ostseeferienhaus-findling.de\/wp-content\/uploads\/photo-gallery\/imported_from_media_libray\/\/K1600_P1040997.jpg\" data-elementor-open-lightbox=\"no\">                <div class=\"bwg-item0 \">          <div class=\"bwg-item1 \">            <div class=\"bwg-item2\">              <img decoding=\"async\" class=\"skip-lazy bwg_standart_thumb_img_0 \"                   data-id=\"105\"                   data-width=\"\"                   data-height=\"\"                   data-src=\"https:\/\/ostseeferienhaus-findling.de\/wp-content\/uploads\/photo-gallery\/imported_from_media_libray\/\/thumb\/K1600_P1040997.jpg\"                   src=\"https:\/\/ostseeferienhaus-findling.de\/wp-content\/uploads\/photo-gallery\/imported_from_media_libray\/\/thumb\/K1600_P1040997.jpg\"                   alt=\"Badezimmer Obergeschoss Dusche\"                   title=\"Badezimmer Obergeschoss Dusche\" \/>            <\/div>            <div class=\"\">                                                      <\/div>          <\/div>        <\/div>                        <\/a>              <\/div>          <\/div>    <style>      \/*pagination styles*\/      #bwg_container1_0 #bwg_container2_0 .tablenav-pages_0 {\t\t\t\ttext-align: center;\t\t\t\tfont-size: 12px;\t\t\t\tfont-family: segoe ui;\t\t\t\tfont-weight: bold;\t\t\t\tcolor: #666666;\t\t\t\tmargin: 6px 0 4px;\t\t\t\tdisplay: block;      }      @media only screen and (max-width : 320px) {      #bwg_container1_0 #bwg_container2_0 .displaying-num_0 {     \t display: none;      }      }      #bwg_container1_0 #bwg_container2_0 .displaying-num_0 {\t\t\t\tfont-size: 12px;\t\t\t\tfont-family: segoe ui;\t\t\t\tfont-weight: bold;\t\t\t\tcolor: #666666;\t\t\t\tmargin-right: 10px;\t\t\t\tvertical-align: middle;      }      #bwg_container1_0 #bwg_container2_0 .paging-input_0 {\t\t\t\tfont-size: 12px;\t\t\t\tfont-family: segoe ui;\t\t\t\tfont-weight: bold;\t\t\t\tcolor: #666666;\t\t\t\tvertical-align: middle;      }      #bwg_container1_0 #bwg_container2_0 .tablenav-pages_0 a.disabled,      #bwg_container1_0 #bwg_container2_0 .tablenav-pages_0 a.disabled:hover,      #bwg_container1_0 #bwg_container2_0 .tablenav-pages_0 a.disabled:focus,\t\t\t#bwg_container1_0 #bwg_container2_0 .tablenav-pages_0 input.bwg_current_page {\t\t\t\tcursor: default;\t\t\t\tcolor: rgba(102, 102, 102, 0.5);      }      #bwg_container1_0 #bwg_container2_0 .tablenav-pages_0 a,      #bwg_container1_0 #bwg_container2_0 .tablenav-pages_0 input.bwg_current_page {\t\t\t\tcursor: pointer;\t\t\t\ttext-align: center;\t\t\t\tfont-size: 12px;\t\t\t\tfont-family: segoe ui;\t\t\t\tfont-weight: bold;\t\t\t\tcolor: #666666;\t\t\t\ttext-decoration: none;\t\t\t\tpadding: 3px 6px;\t\t\t\tmargin: 0;\t\t\t\tborder-radius: 0;\t\t\t\tborder-style: solid;\t\t\t\tborder-width: 1px;\t\t\t\tborder-color: #E3E3E3;\t\t\t\t\t\t\t\tbackground-color: rgba(255, 255, 255, 1.00);\t\t\t\tbox-shadow: 0;\t\t\t\ttransition: all 0.3s ease 0s;-webkit-transition: all 0.3s ease 0s;      }      <\/style>      <span class=\"bwg_nav_cont_0\">              <div class=\"tablenav-pages_0\">                  <\/div>                <input type=\"hidden\" id=\"page_number_0\" name=\"page_number_0\" value=\"1\" \/>      <script type=\"text\/javascript\">        if( jQuery('.bwg_nav_cont_0').length > 1 ) {          jQuery('.bwg_nav_cont_0').first().remove()        }        function spider_page_0(cur, x, y, load_more) {          if (typeof load_more == \"undefined\") {            var load_more = false;          }          if (jQuery(cur).hasClass('disabled')) {            return false;          }          var items_county_0 = 1;          switch (y) {            case 1:              if (x >= items_county_0) {                document.getElementById('page_number_0').value = items_county_0;              }              else {                document.getElementById('page_number_0').value = x + 1;              }              break;            case 2:              document.getElementById('page_number_0').value = items_county_0;              break;            case -1:              if (x == 1) {                document.getElementById('page_number_0').value = 1;              }              else {                document.getElementById('page_number_0').value = x - 1;              }              break;            case -2:              document.getElementById('page_number_0').value = 1;              break;\t\t\t\t\t\tcase 0:              document.getElementById('page_number_0').value = x;              break;            default:              document.getElementById('page_number_0').value = 1;          }          bwg_ajax('gal_front_form_0', '0', 'bwg_thumbnails_0', '0', '', 'gallery', 0, '', '', load_more, '', 1);        }                    jQuery('.first-page-0').on('click', function () {              spider_page_0(this, 1, -2, 'numeric');              return false;            });            jQuery('.prev-page-0').on('click', function () {              spider_page_0(this, 1, -1, 'numeric');              return false;            });            jQuery('.next-page-0').on('click', function () {              spider_page_0(this, 1, 1, 'numeric');              return false;            });            jQuery('.last-page-0').on('click', function () {              spider_page_0(this, 1, 2, 'numeric');              return false;            });        \t\t\t\t\/* Change page on input enter. *\/        function bwg_change_page_0( e, that ) {          if (  e.key == 'Enter' ) {            var to_page = parseInt(jQuery(that).val());            var pages_count = jQuery(that).parents(\".pagination-links\").data(\"pages-count\");            var current_url_param = jQuery(that).attr('data-url-info');            if (to_page > pages_count) {              to_page = 1;            }\t \t\t\t\t\t\t\t\t\t\t\t\tspider_page_0(this, to_page, 0, 'numeric');\t\t\t\t\t\t\treturn false;\t\t\t\t\t\t          }          return true;        }        jQuery('.bwg_load_btn_0').on('click', function () {            spider_page_0(this, 1, 1, true);            return false;        });      <\/script>      <\/span>                <\/div>        <\/form>        <style>          #bwg_container1_0 #bwg_container2_0 #spider_popup_overlay_0 {          background-color: #000000;          opacity: 0.70;          }          <\/style>        <div id=\"bwg_spider_popup_loading_0\" class=\"bwg_spider_popup_loading\"><\/div>        <div id=\"spider_popup_overlay_0\" class=\"spider_popup_overlay\" onclick=\"spider_destroypopup(1000)\"><\/div>        <input type=\"hidden\" id=\"bwg_random_seed_0\" value=\"133041411\">                <\/div>    <\/div>    <script>      if (document.readyState === 'complete') {        if( typeof bwg_main_ready == 'function' ) {          if ( jQuery(\"#bwg_container1_0\").height() ) {            bwg_main_ready(jQuery(\"#bwg_container1_0\"));          }        }      } else {        document.addEventListener('DOMContentLoaded', function() {          if( typeof bwg_main_ready == 'function' ) {            if ( jQuery(\"#bwg_container1_0\").height() ) {             bwg_main_ready(jQuery(\"#bwg_container1_0\"));            }          }        });      }    <\/script>    \n","protected":false},"excerpt":{"rendered":"<p>In unseren zwei B\u00e4dern k\u00f6nnen Sie sich den Alltag von der Seele waschen oder mit einem Wannenbad die K\u00e4lte aus dem K\u00f6rper flie\u00dfen lassen. Die beiden gro\u00dfz\u00fcgigen Badazimmer sorgen f\u00fcr ein entspanntes Erwachen und sind jeweils mit ebenerdigen Duschen ausgestattet. Die Fu\u00dfbodenheizung sorgt immer f\u00fcr warme F\u00fc\u00dfe und die Handtuchtrockner f\u00fcr wohlig Badet\u00fccher. Und wenn<\/p>\n<div class=\"\" ><a class=\"custom-btn book-sm\" href=\"https:\/\/ostseeferienhaus-findling.de\/?page_id=526\"><i class=\"fa fa-chevron-circle-right\"><\/i>&#8230; mehr<\/a><\/div>\n","protected":false},"author":2,"featured_media":650,"parent":8,"menu_order":4,"comment_status":"closed","ping_status":"closed","template":"","meta":{"footnotes":""},"_links":{"self":[{"href":"https:\/\/ostseeferienhaus-findling.de\/index.php?rest_route=\/wp\/v2\/pages\/526"}],"collection":[{"href":"https:\/\/ostseeferienhaus-findling.de\/index.php?rest_route=\/wp\/v2\/pages"}],"about":[{"href":"https:\/\/ostseeferienhaus-findling.de\/index.php?rest_route=\/wp\/v2\/types\/page"}],"author":[{"embeddable":true,"href":"https:\/\/ostseeferienhaus-findling.de\/index.php?rest_route=\/wp\/v2\/users\/2"}],"replies":[{"embeddable":true,"href":"https:\/\/ostseeferienhaus-findling.de\/index.php?rest_route=%2Fwp%2Fv2%2Fcomments&post=526"}],"version-history":[{"count":17,"href":"https:\/\/ostseeferienhaus-findling.de\/index.php?rest_route=\/wp\/v2\/pages\/526\/revisions"}],"predecessor-version":[{"id":912,"href":"https:\/\/ostseeferienhaus-findling.de\/index.php?rest_route=\/wp\/v2\/pages\/526\/revisions\/912"}],"up":[{"embeddable":true,"href":"https:\/\/ostseeferienhaus-findling.de\/index.php?rest_route=\/wp\/v2\/pages\/8"}],"wp:featuredmedia":[{"embeddable":true,"href":"https:\/\/ostseeferienhaus-findling.de\/index.php?rest_route=\/wp\/v2\/media\/650"}],"wp:attachment":[{"href":"https:\/\/ostseeferienhaus-findling.de\/index.php?rest_route=%2Fwp%2Fv2%2Fmedia&parent=526"}],"curies":[{"name":"wp","href":"https:\/\/api.w.org\/{rel}","templated":true}]}}