{"id":30,"date":"2018-01-14T22:37:23","date_gmt":"2018-01-14T22:37:23","guid":{"rendered":"https:\/\/ostseeferienhaus-findling.de\/?page_id=30"},"modified":"2026-01-24T12:36:59","modified_gmt":"2026-01-24T12:36:59","slug":"preise","status":"publish","type":"page","link":"https:\/\/ostseeferienhaus-findling.de\/?page_id=30","title":{"rendered":"Preise und Belegung"},"content":{"rendered":"<h3>Ist noch etwas frei?<\/h3>\n<p>Im Kalender k\u00f6nnen Sie einfach feststellen, welcher Zeitraum noch buchbar ist. Der Preis ist f\u00fcr jeden Tag angegeben. Klicken Sie einfach den Tag Ihrer gew\u00fcnschten Anreise an und dann auf den Tag Ihrer Abreise. Der Gesamtpreis (ohne Zusatzleistungen) wird Ihnen sofort angezeigt. Blaue Felder sind leider schon gebucht. Der An-und Abreisetag ist jeweils zur H\u00e4lfte blau markiert. Eine komplette Preis\u00fcbersicht k\u00f6nnen Sie hier downloaden: <a href=\"https:\/\/ostseeferienhaus-findling.de\/wp-content\/uploads\/Preiskalender-2026.pdf\" target=\"_blank\" rel=\"noopener noreferrer\" data-wplink-edit=\"true\">Preise_2026<\/a> <a href=\"https:\/\/ostseeferienhaus-findling.de\/wp-content\/uploads\/Preiskalender-2027.pdf\" target=\"_blank\" rel=\"noopener noreferrer\">Preise_2027<\/a><\/p>\n<h3>Unsere Preise beinhalten:<\/h3>\n<ul style=\"list-style-type: square;\">\n<li>Hausmiete<\/li>\n<li>Strom, Wasser, Heizkosten<\/li>\n<li>2 Stellpl\u00e4tze auf dem Grundst\u00fcck<\/li>\n<li>WLAN im gesamten Haus<\/li>\n<li>Nutzung aller Haushalts- und Medienger\u00e4te<\/li>\n<\/ul>\n<p>Das W\u00e4schepaket (Bettw\u00e4sche, Handt\u00fccher, Badetuch) stellen wir Ihnen jetzt f\u00fcr jede Person kostenfrei zur Verf\u00fcgung.<\/p>\n<p>Damit Sie auch entspannt abreisen k\u00f6nnen, \u00fcbernehmen wir die Endreinigung pro Aufenthalt f\u00fcr 99 \u20ac.<\/p>\n<div class=\"verdecker_rahmen\">\n<aside class=\"verdecker_bild\">Buchungskalender 2026FREIBELEGT<\/aside>\n<p><img loading=\"lazy\" decoding=\"async\" class=\"alignnone\" src=\"https:\/\/www.kurverwaltung-rerik.de\/bilder\/belegungsplan\/572\/1\/39e7d3\/bild.png\" alt=\"Belegungsplan 2026\" width=\"560\" height=\"280\" \/><\/p>\n<\/div>\n<div class=\"verdecker_rahmen\">\n<aside class=\"verdecker_bild\">Buchungskalender 2027FREIBELEGT<\/aside>\n<p><img loading=\"lazy\" decoding=\"async\" class=\"alignnone\" src=\"https:\/\/www.kurverwaltung-rerik.de\/bilder\/belegungsplan\/572\/1\/39e7d3\/2027\/bild.png\" alt=\"Belegungsplan 2027\" width=\"560\" height=\"280\" \/><\/p>\n<\/div>\n<p><b>Hinweis zum Datenschutz<\/b><br \/>\nMit der Verwendung des Formulars werden personenbezogene Daten \u00fcbermittelt und automatisch gespeichert. Diese Daten werden f\u00fcr Zwecke der Bearbeitung oder der Kontaktaufnahme erhoben. Es erfolgt die Weitergabe dieser personenbezogenen Daten an Dritte nur zur Erf\u00fcllung Ihrer Buchung. Es gilt die <a href=\"?page_id=813\" target=\"_blank\" rel=\"noopener noreferrer\">Datenschutz-Erkl\u00e4rung<\/a>.<\/p>\n\n\t<!-- Advanced Booking Calendar Booking Form - https:\/\/booking-calendar-plugin.com -->\n\t\n\t<div id=\"abc-form-wrapper\">\n\t\t<img decoding=\"async\" alt=\"Lade...\" src=\"https:\/\/ostseeferienhaus-findling.de\/wp-admin\/images\/wpspin_light.gif\" align=\"middle\" class=\"waiting\" id=\"abc_bookinform_loading\" style=\"display:none\" \/>\n\t\t<div id=\"abc-form-content\">\n\t\t\t<div class=\"abc-column\">\n\t\t\t\t<form class=\"abc-form\"  method=\"post\">\n\t\t\t\t\t<label for=\"abc-from\">Anreise<\/label>\n\t\t\t\t\t<div class=\"abc-input-fa\">\n\t\t\t\t\t\t<span class=\"fa fa-calendar\"><\/span>\n\t\t\t\t\t\t<input id=\"abc-from\" name=\"abc-from\" class=\"abc-from\" readonly=\"true\" value=\"\">\n\t\t\t\t\t<\/div>\n\t\t\t\t\t<label for=\"abc-to\">Abreise<\/label>\n\t\t\t\t\t<div class=\"abc-input-fa\">\n\t\t\t\t\t\t<span class=\"fa fa-calendar\"><\/span>\n\t\t\t\t\t\t<input id=\"abc-to\" name=\"abc-to\" class=\"abc-to\" readonly=\"true\" value=\"\">\n\t\t\t\t\t<\/div>\n\t\t\t<\/div>\n\t\t\t<div class=\"abc-column abc-form\">\n\t\t\t\t\t<label for=\"abc-persons\">Personen<\/label>\n\t\t\t\t\t\t<div class=\"abc-input-fa\">\n\t\t\t\t\t\t\t<span class=\"fa fa-female abc-guest1\"><\/span>\n\t\t\t\t\t\t\t<span class=\"fa fa-male abc-guest2\"><\/span>\n\t\t\t\t\t\t\t<select id=\"abc-persons\" name=\"abc-persons\">\n\t\t\t\t\t\t\t\t<option value=\"1\" selected>1<\/option><option value=\"2\">2<\/option><option value=\"3\">3<\/option><option value=\"4\">4<\/option><option value=\"5\">5<\/option><option value=\"6\">6<\/option>\n\t\t\t\t\t\t\t<\/select>\n\t\t\t\t\t\t<\/div>\n\t\t\t\t\t<input id=\"abcPostTrigger\" type=\"hidden\" name=\"abcPostTrigger\" value=\"0\">\n\t\t\t\t\t<input id=\"abcPostCalendarId\" type=\"hidden\" name=\"abcPostCalendarId\" value=\"\">\n\t\t\t\t<\/form>\n\t\t\t<\/div>\n\t\t\t<div class=\"abc-form-row\">\n\t\t\t\t<button class=\"abc-submit\" id=\"abc-check-availabilities\"><span id=\"abc-submit-button\" class=\"abc-submit-text\">Verf\u00fcgbarkeiten pr\u00fcfen<\/span><span class=\"abc-submit-loading\" \/>Lade...<\/span><\/button>\n\t\t\t\t<button class=\"abc-submit\" id=\"abc-back-to-availabilities\" style=\"display: none;\"><span class=\"abc-submit-text\">Bearbeiten<\/span><\/button>\n\t\t\t<\/div>\n\n\t\t\t<div id=\"abc-bookingresults\"><\/div>\n\t\t<\/div>\n\t<\/div>\n\t\t\n","protected":false},"excerpt":{"rendered":"<p>Ist noch etwas frei? Im Kalender k\u00f6nnen Sie einfach feststellen, welcher Zeitraum noch buchbar ist. Der Preis ist f\u00fcr jeden Tag angegeben. Klicken Sie einfach den Tag Ihrer gew\u00fcnschten Anreise an und dann auf den Tag Ihrer Abreise. Der Gesamtpreis (ohne Zusatzleistungen) wird Ihnen sofort angezeigt. Blaue Felder sind leider schon gebucht. Der An-und Abreisetag<\/p>\n<div class=\"\" ><a class=\"custom-btn book-sm\" href=\"https:\/\/ostseeferienhaus-findling.de\/?page_id=30\"><i class=\"fa fa-chevron-circle-right\"><\/i>&#8230; mehr<\/a><\/div>\n","protected":false},"author":2,"featured_media":568,"parent":0,"menu_order":0,"comment_status":"closed","ping_status":"closed","template":"","meta":{"footnotes":""},"_links":{"self":[{"href":"https:\/\/ostseeferienhaus-findling.de\/index.php?rest_route=\/wp\/v2\/pages\/30"}],"collection":[{"href":"https:\/\/ostseeferienhaus-findling.de\/index.php?rest_route=\/wp\/v2\/pages"}],"about":[{"href":"https:\/\/ostseeferienhaus-findling.de\/index.php?rest_route=\/wp\/v2\/types\/page"}],"author":[{"embeddable":true,"href":"https:\/\/ostseeferienhaus-findling.de\/index.php?rest_route=\/wp\/v2\/users\/2"}],"replies":[{"embeddable":true,"href":"https:\/\/ostseeferienhaus-findling.de\/index.php?rest_route=%2Fwp%2Fv2%2Fcomments&post=30"}],"version-history":[{"count":147,"href":"https:\/\/ostseeferienhaus-findling.de\/index.php?rest_route=\/wp\/v2\/pages\/30\/revisions"}],"predecessor-version":[{"id":1073,"href":"https:\/\/ostseeferienhaus-findling.de\/index.php?rest_route=\/wp\/v2\/pages\/30\/revisions\/1073"}],"wp:featuredmedia":[{"embeddable":true,"href":"https:\/\/ostseeferienhaus-findling.de\/index.php?rest_route=\/wp\/v2\/media\/568"}],"wp:attachment":[{"href":"https:\/\/ostseeferienhaus-findling.de\/index.php?rest_route=%2Fwp%2Fv2%2Fmedia&parent=30"}],"curies":[{"name":"wp","href":"https:\/\/api.w.org\/{rel}","templated":true}]}}