{"id":264,"date":"2018-01-27T23:14:39","date_gmt":"2018-01-27T23:14:39","guid":{"rendered":"https:\/\/ostseeferienhaus-findling.de\/?page_id=264"},"modified":"2018-10-28T20:06:26","modified_gmt":"2018-10-28T20:06:26","slug":"wohnen-und-leben","status":"publish","type":"page","link":"https:\/\/ostseeferienhaus-findling.de\/?page_id=264","title":{"rendered":"Wohnen und Leben"},"content":{"rendered":"<p>Entspannung und Ruhe oder ein gem\u00fctlicher Fernsehabend &#8211; nach einem sonnigen Strandtag lassen Sie den Tag auf der gro\u00df\u00fcgigen Eckcouch mit verstellbaren Nackenst\u00fctzen ausklingen, lesen ein Buch oder genie\u00dfen in famili\u00e4rer Runde einen Film auf dem Flachbildschirm.<\/p>\n<p>An k\u00e4lteren Herbst und Wintertagen sp\u00fchren Sie die W\u00e4rme des Kamins und lassen es sich bei einer Tasse Tee wohlgehen. Oder die gesamte Familie unternimmt einen lustigen Spieleabend am gro\u00dfen Esstisch.<\/p>\n<ul>\n<li>gem\u00fctliche Eckcouch mit Nackenst\u00fctzen<\/li>\n<li>Couchtisch<\/li>\n<li>wohliger Kamin<\/li>\n<li>SAT-TV und DVD-Player<\/li>\n<li>Bodentiefe Fenster mit Terrassenzugang<\/li>\n<li>gro\u00dfer ausziehbarer Tisch f\u00fcr bis zu 8 Personen<\/li>\n<li>Kinderhochstuhl vorhanden<\/li>\n<li>Spielesammlung und B\u00fccher<\/li>\n<li>Fu\u00dfbodenheizung<\/li>\n<\/ul>\n<style id=\"bwg-style-0\">    #bwg_container1_0 #bwg_container2_0 .bwg-container-0.bwg-standard-thumbnails {      width: 1254px;              justify-content: center;        margin:0 auto !important;              background-color: rgba(255, 255, 255, 0.00);            padding-left: 4px;      padding-top: 4px;      max-width: 100%;            }        #bwg_container1_0 #bwg_container2_0 .bwg-container-0.bwg-standard-thumbnails .bwg-item {    justify-content: flex-start;      max-width: 250px;            width: 250px !important;          }    #bwg_container1_0 #bwg_container2_0 .bwg-container-0.bwg-standard-thumbnails .bwg-item a {       margin-right: 4px;       margin-bottom: 4px;    }    #bwg_container1_0 #bwg_container2_0 .bwg-container-0.bwg-standard-thumbnails .bwg-item0 {      padding: 0px;            background-color:rgba(255,255,255, 0.30);      border: 0px none #CCCCCC;      opacity: 1.00;      border-radius: 0;      box-shadow: 0px 0px 0px #888888;    }    #bwg_container1_0 #bwg_container2_0 .bwg-container-0.bwg-standard-thumbnails .bwg-item1 img {      max-height: none;      max-width: none;      padding: 0 !important;    }        @media only screen and (min-width: 480px) {      #bwg_container1_0 #bwg_container2_0 .bwg-container-0.bwg-standard-thumbnails .bwg-item0 {        transition: all 0.3s ease 0s;-webkit-transition: all 0.3s ease 0s;      }      #bwg_container1_0 #bwg_container2_0 .bwg-container-0.bwg-standard-thumbnails .bwg-item0:hover {        -ms-transform: scale(1.1);        -webkit-transform: scale(1.1);        transform: scale(1.1);      }    }          #bwg_container1_0 #bwg_container2_0 .bwg-container-0.bwg-standard-thumbnails .bwg-item1 {      padding-top: 56%;    }        #bwg_container1_0 #bwg_container2_0 .bwg-container-0.bwg-standard-thumbnails .bwg-title2,    #bwg_container1_0 #bwg_container2_0 .bwg-container-0.bwg-standard-thumbnails .bwg-ecommerce2 {      color: #CCCCCC;      font-family: segoe ui;      font-size: 16px;      font-weight: bold;      padding: 2px;      text-shadow: 0px 0px 0px #888888;      max-height: 100%;    }    #bwg_container1_0 #bwg_container2_0 .bwg-container-0.bwg-standard-thumbnails .bwg-thumb-description span {    color: #323A45;    font-family: Ubuntu;    font-size: 12px;    max-height: 100%;    word-wrap: break-word;    }    #bwg_container1_0 #bwg_container2_0 .bwg-container-0.bwg-standard-thumbnails .bwg-play-icon2 {      font-size: 32px;    }    #bwg_container1_0 #bwg_container2_0 .bwg-container-0.bwg-standard-thumbnails .bwg-ecommerce2 {      font-size: 19.2px;      color: #CCCCCC;    }    <\/style>    <div id=\"bwg_container1_0\"         class=\"bwg_container bwg_thumbnail bwg_thumbnails \"         data-right-click-protection=\"0\"         data-bwg=\"0\"         data-scroll=\"0\"         data-gallery-type=\"thumbnails\"         data-gallery-view-type=\"thumbnails\"         data-current-url=\"\/index.php?rest_route=%2Fwp%2Fv2%2Fpages%2F264\"         data-lightbox-url=\"https:\/\/ostseeferienhaus-findling.de\/wp-admin\/admin-ajax.php?action=GalleryBox&#038;current_view=0&#038;gallery_id=2&#038;tag=0&#038;theme_id=1&#038;shortcode_id=9&#038;sort_by=order&#038;order_by=asc&#038;current_url=%2Findex.php%3Frest_route%3D%252Fwp%252Fv2%252Fpages%252F264\"         data-gallery-id=\"2\"         data-popup-width=\"800\"         data-popup-height=\"500\"         data-is-album=\"gallery\"         data-buttons-position=\"bottom\">      <div id=\"bwg_container2_0\">             <div id=\"ajax_loading_0\" class=\"bwg_loading_div_1\">      <div class=\"bwg_loading_div_2\">        <div class=\"bwg_loading_div_3\">          <div id=\"loading_div_0\" class=\"bwg_spider_ajax_loading\">          <\/div>        <\/div>      <\/div>    <\/div>            <form id=\"gal_front_form_0\"              class=\"bwg-hidden\"              method=\"post\"              action=\"#\"              data-current=\"0\"              data-shortcode-id=\"9\"              data-gallery-type=\"thumbnails\"              data-gallery-id=\"2\"              data-tag=\"0\"              data-album-id=\"0\"              data-theme-id=\"1\"              data-ajax-url=\"https:\/\/ostseeferienhaus-findling.de\/wp-admin\/admin-ajax.php?action=bwg_frontend_data\">          <div id=\"bwg_container3_0\" class=\"bwg-background bwg-background-0\">                <div data-max-count=\"5\"         data-thumbnail-width=\"250\"         data-bwg=\"0\"         data-gallery-id=\"2\"         data-lightbox-url=\"https:\/\/ostseeferienhaus-findling.de\/wp-admin\/admin-ajax.php?action=GalleryBox&amp;current_view=0&amp;gallery_id=2&amp;tag=0&amp;theme_id=1&amp;shortcode_id=9&amp;sort_by=order&amp;order_by=asc&amp;current_url=%2Findex.php%3Frest_route%3D%252Fwp%252Fv2%252Fpages%252F264\"         id=\"bwg_thumbnails_0\"         class=\"bwg-container-0 bwg-thumbnails bwg-standard-thumbnails bwg-container bwg-border-box\">            <div class=\"bwg-item\">        <a class=\"bwg-a  bwg_lightbox\"  data-image-id=\"75\" href=\"https:\/\/ostseeferienhaus-findling.de\/wp-content\/uploads\/photo-gallery\/imported_from_media_libray\/\/K1600_IMG_7367.jpg\" data-elementor-open-lightbox=\"no\">                <div class=\"bwg-item0 \">          <div class=\"bwg-item1 \">            <div class=\"bwg-item2\">              <img decoding=\"async\" class=\"skip-lazy bwg_standart_thumb_img_0 \"                   data-id=\"75\"                   data-width=\"\"                   data-height=\"\"                   data-src=\"https:\/\/ostseeferienhaus-findling.de\/wp-content\/uploads\/photo-gallery\/imported_from_media_libray\/\/thumb\/K1600_IMG_7367.jpg\"                   src=\"https:\/\/ostseeferienhaus-findling.de\/wp-content\/uploads\/photo-gallery\/imported_from_media_libray\/\/thumb\/K1600_IMG_7367.jpg\"                   alt=\"Wohnen und Leben mit Ausblick\"                   title=\"Wohnen und Leben mit Ausblick\" \/>            <\/div>            <div class=\"\">                                                      <\/div>          <\/div>        <\/div>                        <\/a>              <\/div>            <div class=\"bwg-item\">        <a class=\"bwg-a  bwg_lightbox\"  data-image-id=\"73\" href=\"https:\/\/ostseeferienhaus-findling.de\/wp-content\/uploads\/photo-gallery\/imported_from_media_libray\/\/K1600_IMG_7370.jpg\" data-elementor-open-lightbox=\"no\">                <div class=\"bwg-item0 \">          <div class=\"bwg-item1 \">            <div class=\"bwg-item2\">              <img decoding=\"async\" class=\"skip-lazy bwg_standart_thumb_img_0 \"                   data-id=\"73\"                   data-width=\"\"                   data-height=\"\"                   data-src=\"https:\/\/ostseeferienhaus-findling.de\/wp-content\/uploads\/photo-gallery\/imported_from_media_libray\/\/thumb\/K1600_IMG_7370.jpg\"                   src=\"https:\/\/ostseeferienhaus-findling.de\/wp-content\/uploads\/photo-gallery\/imported_from_media_libray\/\/thumb\/K1600_IMG_7370.jpg\"                   alt=\"Wohnen und Leben Details\"                   title=\"Wohnen und Leben Details\" \/>            <\/div>            <div class=\"\">                                                      <\/div>          <\/div>        <\/div>                        <\/a>              <\/div>            <div class=\"bwg-item\">        <a class=\"bwg-a  bwg_lightbox\"  data-image-id=\"76\" href=\"https:\/\/ostseeferienhaus-findling.de\/wp-content\/uploads\/photo-gallery\/imported_from_media_libray\/\/K1600_IMG_7364_2048px.jpg\" data-elementor-open-lightbox=\"no\">                <div class=\"bwg-item0 \">          <div class=\"bwg-item1 \">            <div class=\"bwg-item2\">              <img decoding=\"async\" class=\"skip-lazy bwg_standart_thumb_img_0 \"                   data-id=\"76\"                   data-width=\"\"                   data-height=\"\"                   data-src=\"https:\/\/ostseeferienhaus-findling.de\/wp-content\/uploads\/photo-gallery\/imported_from_media_libray\/\/thumb\/K1600_IMG_7364_2048px.jpg\"                   src=\"https:\/\/ostseeferienhaus-findling.de\/wp-content\/uploads\/photo-gallery\/imported_from_media_libray\/\/thumb\/K1600_IMG_7364_2048px.jpg\"                   alt=\"Wohnen und Leben Eckcouch\"                   title=\"Wohnen und Leben Eckcouch\" \/>            <\/div>            <div class=\"\">                                                      <\/div>          <\/div>        <\/div>                        <\/a>              <\/div>            <div class=\"bwg-item\">        <a class=\"bwg-a  bwg_lightbox\"  data-image-id=\"77\" href=\"https:\/\/ostseeferienhaus-findling.de\/wp-content\/uploads\/photo-gallery\/imported_from_media_libray\/\/K1600_IMG_7346.jpg\" data-elementor-open-lightbox=\"no\">                <div class=\"bwg-item0 \">          <div class=\"bwg-item1 \">            <div class=\"bwg-item2\">              <img decoding=\"async\" class=\"skip-lazy bwg_standart_thumb_img_0 \"                   data-id=\"77\"                   data-width=\"\"                   data-height=\"\"                   data-src=\"https:\/\/ostseeferienhaus-findling.de\/wp-content\/uploads\/photo-gallery\/imported_from_media_libray\/\/thumb\/K1600_IMG_7346.jpg\"                   src=\"https:\/\/ostseeferienhaus-findling.de\/wp-content\/uploads\/photo-gallery\/imported_from_media_libray\/\/thumb\/K1600_IMG_7346.jpg\"                   alt=\"Wohnen und Leben\"                   title=\"Wohnen und Leben\" \/>            <\/div>            <div class=\"\">                                                      <\/div>          <\/div>        <\/div>                        <\/a>              <\/div>            <div class=\"bwg-item\">        <a class=\"bwg-a  bwg_lightbox\"  data-image-id=\"78\" href=\"https:\/\/ostseeferienhaus-findling.de\/wp-content\/uploads\/photo-gallery\/imported_from_media_libray\/\/K1600_IMG_7344.jpg\" data-elementor-open-lightbox=\"no\">                <div class=\"bwg-item0 \">          <div class=\"bwg-item1 \">            <div class=\"bwg-item2\">              <img decoding=\"async\" class=\"skip-lazy bwg_standart_thumb_img_0 \"                   data-id=\"78\"                   data-width=\"\"                   data-height=\"\"                   data-src=\"https:\/\/ostseeferienhaus-findling.de\/wp-content\/uploads\/photo-gallery\/imported_from_media_libray\/\/thumb\/K1600_IMG_7344.jpg\"                   src=\"https:\/\/ostseeferienhaus-findling.de\/wp-content\/uploads\/photo-gallery\/imported_from_media_libray\/\/thumb\/K1600_IMG_7344.jpg\"                   alt=\"Wohnen und Leben Essbereich\"                   title=\"Wohnen und Leben Essbereich\" \/>            <\/div>            <div class=\"\">                                                      <\/div>          <\/div>        <\/div>                        <\/a>              <\/div>            <div class=\"bwg-item\">        <a class=\"bwg-a  bwg_lightbox\"  data-image-id=\"74\" href=\"https:\/\/ostseeferienhaus-findling.de\/wp-content\/uploads\/photo-gallery\/imported_from_media_libray\/\/K1600_IMG_7368.jpg\" data-elementor-open-lightbox=\"no\">                <div class=\"bwg-item0 \">          <div class=\"bwg-item1 \">            <div class=\"bwg-item2\">              <img decoding=\"async\" class=\"skip-lazy bwg_standart_thumb_img_0 \"                   data-id=\"74\"                   data-width=\"\"                   data-height=\"\"                   data-src=\"https:\/\/ostseeferienhaus-findling.de\/wp-content\/uploads\/photo-gallery\/imported_from_media_libray\/\/thumb\/K1600_IMG_7368.jpg\"                   src=\"https:\/\/ostseeferienhaus-findling.de\/wp-content\/uploads\/photo-gallery\/imported_from_media_libray\/\/thumb\/K1600_IMG_7368.jpg\"                   alt=\"Wohnen und Leben mit Licht\"                   title=\"Wohnen und Leben mit Licht\" \/>            <\/div>            <div class=\"\">                                                      <\/div>          <\/div>        <\/div>                        <\/a>              <\/div>            <div class=\"bwg-item\">        <a class=\"bwg-a  bwg_lightbox\"  data-image-id=\"72\" href=\"https:\/\/ostseeferienhaus-findling.de\/wp-content\/uploads\/photo-gallery\/imported_from_media_libray\/\/K1600_IMG_7371.jpg\" data-elementor-open-lightbox=\"no\">                <div class=\"bwg-item0 \">          <div class=\"bwg-item1 \">            <div class=\"bwg-item2\">              <img decoding=\"async\" class=\"skip-lazy bwg_standart_thumb_img_0 \"                   data-id=\"72\"                   data-width=\"\"                   data-height=\"\"                   data-src=\"https:\/\/ostseeferienhaus-findling.de\/wp-content\/uploads\/photo-gallery\/imported_from_media_libray\/\/thumb\/K1600_IMG_7371.jpg\"                   src=\"https:\/\/ostseeferienhaus-findling.de\/wp-content\/uploads\/photo-gallery\/imported_from_media_libray\/\/thumb\/K1600_IMG_7371.jpg\"                   alt=\"Wohnen und Leben\"                   title=\"Wohnen und Leben\" \/>            <\/div>            <div class=\"\">                                                      <\/div>          <\/div>        <\/div>                        <\/a>              <\/div>            <div class=\"bwg-item\">        <a class=\"bwg-a  bwg_lightbox\"  data-image-id=\"99\" href=\"https:\/\/ostseeferienhaus-findling.de\/wp-content\/uploads\/photo-gallery\/imported_from_media_libray\/\/20171207_192728-e1521295304819%20(1).jpg\" data-elementor-open-lightbox=\"no\">                <div class=\"bwg-item0 \">          <div class=\"bwg-item1 \">            <div class=\"bwg-item2\">              <img decoding=\"async\" class=\"skip-lazy bwg_standart_thumb_img_0 \"                   data-id=\"99\"                   data-width=\"\"                   data-height=\"\"                   data-src=\"https:\/\/ostseeferienhaus-findling.de\/wp-content\/uploads\/photo-gallery\/imported_from_media_libray\/\/thumb\/20171207_192728-e1521295304819%20(1).jpg\"                   src=\"https:\/\/ostseeferienhaus-findling.de\/wp-content\/uploads\/photo-gallery\/imported_from_media_libray\/\/thumb\/20171207_192728-e1521295304819%20(1).jpg\"                   alt=\"Wohnen und Leben Kamin\"                   title=\"Wohnen und Leben Kamin\" \/>            <\/div>            <div class=\"\">                                                      <\/div>          <\/div>        <\/div>                        <\/a>              <\/div>          <\/div>    <style>      \/*pagination styles*\/      #bwg_container1_0 #bwg_container2_0 .tablenav-pages_0 {\t\t\t\ttext-align: center;\t\t\t\tfont-size: 12px;\t\t\t\tfont-family: segoe ui;\t\t\t\tfont-weight: bold;\t\t\t\tcolor: #666666;\t\t\t\tmargin: 6px 0 4px;\t\t\t\tdisplay: block;      }      @media only screen and (max-width : 320px) {      #bwg_container1_0 #bwg_container2_0 .displaying-num_0 {     \t display: none;      }      }      #bwg_container1_0 #bwg_container2_0 .displaying-num_0 {\t\t\t\tfont-size: 12px;\t\t\t\tfont-family: segoe ui;\t\t\t\tfont-weight: bold;\t\t\t\tcolor: #666666;\t\t\t\tmargin-right: 10px;\t\t\t\tvertical-align: middle;      }      #bwg_container1_0 #bwg_container2_0 .paging-input_0 {\t\t\t\tfont-size: 12px;\t\t\t\tfont-family: segoe ui;\t\t\t\tfont-weight: bold;\t\t\t\tcolor: #666666;\t\t\t\tvertical-align: middle;      }      #bwg_container1_0 #bwg_container2_0 .tablenav-pages_0 a.disabled,      #bwg_container1_0 #bwg_container2_0 .tablenav-pages_0 a.disabled:hover,      #bwg_container1_0 #bwg_container2_0 .tablenav-pages_0 a.disabled:focus,\t\t\t#bwg_container1_0 #bwg_container2_0 .tablenav-pages_0 input.bwg_current_page {\t\t\t\tcursor: default;\t\t\t\tcolor: rgba(102, 102, 102, 0.5);      }      #bwg_container1_0 #bwg_container2_0 .tablenav-pages_0 a,      #bwg_container1_0 #bwg_container2_0 .tablenav-pages_0 input.bwg_current_page {\t\t\t\tcursor: pointer;\t\t\t\ttext-align: center;\t\t\t\tfont-size: 12px;\t\t\t\tfont-family: segoe ui;\t\t\t\tfont-weight: bold;\t\t\t\tcolor: #666666;\t\t\t\ttext-decoration: none;\t\t\t\tpadding: 3px 6px;\t\t\t\tmargin: 0;\t\t\t\tborder-radius: 0;\t\t\t\tborder-style: solid;\t\t\t\tborder-width: 1px;\t\t\t\tborder-color: #E3E3E3;\t\t\t\t\t\t\t\tbackground-color: rgba(255, 255, 255, 1.00);\t\t\t\tbox-shadow: 0;\t\t\t\ttransition: all 0.3s ease 0s;-webkit-transition: all 0.3s ease 0s;      }      <\/style>      <span class=\"bwg_nav_cont_0\">              <div class=\"tablenav-pages_0\">                  <\/div>                <input type=\"hidden\" id=\"page_number_0\" name=\"page_number_0\" value=\"1\" \/>      <script type=\"text\/javascript\">        if( jQuery('.bwg_nav_cont_0').length > 1 ) {          jQuery('.bwg_nav_cont_0').first().remove()        }        function spider_page_0(cur, x, y, load_more) {          if (typeof load_more == \"undefined\") {            var load_more = false;          }          if (jQuery(cur).hasClass('disabled')) {            return false;          }          var items_county_0 = 1;          switch (y) {            case 1:              if (x >= items_county_0) {                document.getElementById('page_number_0').value = items_county_0;              }              else {                document.getElementById('page_number_0').value = x + 1;              }              break;            case 2:              document.getElementById('page_number_0').value = items_county_0;              break;            case -1:              if (x == 1) {                document.getElementById('page_number_0').value = 1;              }              else {                document.getElementById('page_number_0').value = x - 1;              }              break;            case -2:              document.getElementById('page_number_0').value = 1;              break;\t\t\t\t\t\tcase 0:              document.getElementById('page_number_0').value = x;              break;            default:              document.getElementById('page_number_0').value = 1;          }          bwg_ajax('gal_front_form_0', '0', 'bwg_thumbnails_0', '0', '', 'gallery', 0, '', '', load_more, '', 1);        }                    jQuery('.first-page-0').on('click', function () {              spider_page_0(this, 1, -2, 'numeric');              return false;            });            jQuery('.prev-page-0').on('click', function () {              spider_page_0(this, 1, -1, 'numeric');              return false;            });            jQuery('.next-page-0').on('click', function () {              spider_page_0(this, 1, 1, 'numeric');              return false;            });            jQuery('.last-page-0').on('click', function () {              spider_page_0(this, 1, 2, 'numeric');              return false;            });        \t\t\t\t\/* Change page on input enter. *\/        function bwg_change_page_0( e, that ) {          if (  e.key == 'Enter' ) {            var to_page = parseInt(jQuery(that).val());            var pages_count = jQuery(that).parents(\".pagination-links\").data(\"pages-count\");            var current_url_param = jQuery(that).attr('data-url-info');            if (to_page > pages_count) {              to_page = 1;            }\t \t\t\t\t\t\t\t\t\t\t\t\tspider_page_0(this, to_page, 0, 'numeric');\t\t\t\t\t\t\treturn false;\t\t\t\t\t\t          }          return true;        }        jQuery('.bwg_load_btn_0').on('click', function () {            spider_page_0(this, 1, 1, true);            return false;        });      <\/script>      <\/span>                <\/div>        <\/form>        <style>          #bwg_container1_0 #bwg_container2_0 #spider_popup_overlay_0 {          background-color: #000000;          opacity: 0.70;          }          <\/style>        <div id=\"bwg_spider_popup_loading_0\" class=\"bwg_spider_popup_loading\"><\/div>        <div id=\"spider_popup_overlay_0\" class=\"spider_popup_overlay\" onclick=\"spider_destroypopup(1000)\"><\/div>        <input type=\"hidden\" id=\"bwg_random_seed_0\" value=\"1633113794\">                <\/div>    <\/div>    <script>      if (document.readyState === 'complete') {        if( typeof bwg_main_ready == 'function' ) {          if ( jQuery(\"#bwg_container1_0\").height() ) {            bwg_main_ready(jQuery(\"#bwg_container1_0\"));          }        }      } else {        document.addEventListener('DOMContentLoaded', function() {          if( typeof bwg_main_ready == 'function' ) {            if ( jQuery(\"#bwg_container1_0\").height() ) {             bwg_main_ready(jQuery(\"#bwg_container1_0\"));            }          }        });      }    <\/script>    \n","protected":false},"excerpt":{"rendered":"<p>Entspannung und Ruhe oder ein gem\u00fctlicher Fernsehabend &#8211; nach einem sonnigen Strandtag lassen Sie den Tag auf der gro\u00df\u00fcgigen Eckcouch mit verstellbaren Nackenst\u00fctzen ausklingen, lesen ein Buch oder genie\u00dfen in famili\u00e4rer Runde einen Film auf dem Flachbildschirm. An k\u00e4lteren Herbst und Wintertagen sp\u00fchren Sie die W\u00e4rme des Kamins und lassen es sich bei einer Tasse<\/p>\n<div class=\"\" ><a class=\"custom-btn book-sm\" href=\"https:\/\/ostseeferienhaus-findling.de\/?page_id=264\"><i class=\"fa fa-chevron-circle-right\"><\/i>&#8230; mehr<\/a><\/div>\n","protected":false},"author":2,"featured_media":667,"parent":8,"menu_order":1,"comment_status":"closed","ping_status":"closed","template":"","meta":{"footnotes":""},"_links":{"self":[{"href":"https:\/\/ostseeferienhaus-findling.de\/index.php?rest_route=\/wp\/v2\/pages\/264"}],"collection":[{"href":"https:\/\/ostseeferienhaus-findling.de\/index.php?rest_route=\/wp\/v2\/pages"}],"about":[{"href":"https:\/\/ostseeferienhaus-findling.de\/index.php?rest_route=\/wp\/v2\/types\/page"}],"author":[{"embeddable":true,"href":"https:\/\/ostseeferienhaus-findling.de\/index.php?rest_route=\/wp\/v2\/users\/2"}],"replies":[{"embeddable":true,"href":"https:\/\/ostseeferienhaus-findling.de\/index.php?rest_route=%2Fwp%2Fv2%2Fcomments&post=264"}],"version-history":[{"count":9,"href":"https:\/\/ostseeferienhaus-findling.de\/index.php?rest_route=\/wp\/v2\/pages\/264\/revisions"}],"predecessor-version":[{"id":671,"href":"https:\/\/ostseeferienhaus-findling.de\/index.php?rest_route=\/wp\/v2\/pages\/264\/revisions\/671"}],"up":[{"embeddable":true,"href":"https:\/\/ostseeferienhaus-findling.de\/index.php?rest_route=\/wp\/v2\/pages\/8"}],"wp:featuredmedia":[{"embeddable":true,"href":"https:\/\/ostseeferienhaus-findling.de\/index.php?rest_route=\/wp\/v2\/media\/667"}],"wp:attachment":[{"href":"https:\/\/ostseeferienhaus-findling.de\/index.php?rest_route=%2Fwp%2Fv2%2Fmedia&parent=264"}],"curies":[{"name":"wp","href":"https:\/\/api.w.org\/{rel}","templated":true}]}}